{"id":84,"date":"2017-09-06T16:30:31","date_gmt":"2017-09-06T14:30:31","guid":{"rendered":"http:\/\/www.steel-seal.com\/?page_id=84"},"modified":"2017-09-06T18:11:22","modified_gmt":"2017-09-06T16:11:22","slug":"policy","status":"publish","type":"page","link":"https:\/\/www.steel-seal.com\/en\/policy\/","title":{"rendered":"Privacy Policy"},"content":{"rendered":"<h4>UTILIZZO DEI COOKIES<\/h4>\n<p>I cookie sono informazioni in file di testo di piccole dimensioni salvati nel computer dell\u2019utente.<\/p>\n<p>Nel Sito vengono utilizzati cookies di sessione e cookies permanenti. I cookies di sessione sono temporanei e vengono eliminati automaticamente ogni volta che viene abbandonata la navigazione del Sito. I cookies \u201cpermanenti\u201d invece, rimangono sul disco rigido dell\u2019utente fino a quando non vengono eliminati. I cookies sono utilizzati al fine di permettere una completa fruizione del Sito e\/o a tracciare la visita nelle diverse pagine\/sezioni del Sito. In ogni caso i cookies non sono n\u00e9 saranno utilizzati per prelevare dati personali o per rilevare informazioni relative alla navigazione dell\u2019utente di altri siti. L\u2019utente potr\u00e0 in qualsiasi momento disabilitare l\u2019operativit\u00e0 dei cookies selezionando l\u2019impostazione appropriata sul proprio browser, fermo restando che tale decisione potrebbe impedire la fruizione di alcune funzionalit\u00e0 del Sito ovvero la possibilit\u00e0 di interazione con il Sito stesso.<\/p>\n<p>Esistono diversi tipi di cookie. E\u2019 quindi possibile specificare se nel computer possono essere salvati tutti, nessuno o alcuni tipi di cookie. Si pu\u00f2 non accettare nessun tipo di cookie, ma probabilmente poi nella navigazione non sar\u00e0 possibile visualizzare alcune pagine di siti web. Probabilmente non sar\u00e0 possibile sfruttare le funzionalit\u00e0 di personalizzazione.<\/p>\n<p>Un cookie \u00e8 un file creato da un Sito Internet allo scopo di memorizzare nel sistema informazioni sull\u2019utente, quali le preferenze manifestate dall\u2019utente durante l\u2019esplorazione del Sito. Ad esempio, il cookie pu\u00f2 contenere una registrazione delle pagine visitate all\u2019interno del Sito.<\/p>\n<p>Nei cookie possono inoltre venire memorizzate informazioni sull\u2019identit\u00e0 personale. Le informazioni sull\u2019identit\u00e0 personale sono informazioni che possono essere utilizzate per identificare o contattare una persona, ad esempio il nome, l\u2019indirizzo di posta elettronica, l\u2019indirizzo dell\u2019abitazione o dell\u2019ufficio oppure il numero di telefono. In ogni caso, un Sito web pu\u00f3 accedere solo alle informazioni dell\u2019identit\u00e0 personale fornite personalmente dall\u2019utente. Ad esempio, il Sito non pu\u00f2 rilevare l\u2019indirizzo di posta elettronica, a meno che l\u2019utente non lo fornisca direttamente, n\u00e9 pu\u00f2 accedere ad altre informazioni presenti nel computer dell\u2019utente.<\/p>\n<p>Ogni Sito web pu\u00f2 leggere nel computer solo i cookies da lui creati. E il nome dei file che li contengono \u00e8 composto dalla URL del Sito web che li ha creati.<\/p>\n<h4>COOKIES PERMANENTI E TEMPORANEI<\/h4>\n<p>Anche a distanza di tempo, alla successiva visita del Sito da parte dell\u2019utente, un cookie permanente potr\u00e0 essere letto dal Sito web che lo ha creato perch\u00e9 resta memorizzato come file nel computer anche dopo la chiusura del browser.<\/p>\n<p>Un cookie temporaneo rimane memorizzato solo per la durata della sessione in corso e viene rimosso dal computer alla chiusura della sessione: tale chiusura pu\u00f2 essere provocata da un comando specifico, dalla chiusura del browser o dall\u2019uso di una URL diversa da quella del Sito che ha generato il cookie.<\/p>\n<h4>COOKIES DI PRIMA PARTE E DI TERZE PARTI<\/h4>\n<p>I cookie di prima parte sono quelli creati dal Sito web visualizzato, o inviati ad esso, e in genere vengono utilizzati per memorizzare informazioni quali le preferenze dell\u2019utente che sta visitando il Sito.<\/p>\n<p>I cookie di terze parti sono i cookie creati da un Sito web diverso da quello visualizzato o inviati ad esso. I siti web di terze parti in genere forniscono parte del contenuto del Sito web visualizzato. Ad esempio, molti siti utilizzano la pubblicit\u00e0 di siti web di terze parti che, a loro volta, possono utilizzare i cookie. I cookie di questo tipo vengono in genere utilizzati per registrare l\u2019utilizzo di una pagina web da parte dell\u2019utente a fini pubblicitari o di marketing. I cookie di terze parti possono essere permanenti o temporanei.<\/p>\n<p>Alcuni cookie sono potenzialmente dannosi, in quanto possono consentire l\u2019accesso a informazioni personali che potrebbero venire utilizzate per secondi fini senza il consenso dell\u2019utente.<\/p>\n<h4>TIPOLOGIA DI COOKIES<\/h4>\n<p>Esistono vari tipi di cookie:<\/p>\n<ul class=\"list-cookie\">\n<li>cookie di navigazione;<\/li>\n<li>cookies funzionali;<\/li>\n<li>cookies analitici.<\/li>\n<li>cookies di terze parti.<\/li>\n<li>Cookie di profilazione.<\/li>\n<\/ul>\n<p>I Cookie di navigazione permettono di creare un account ed effettuare il login. Un utente registrato, grazie ai cookie, potr\u00e0 essere riconosciuto come tale quando acceder\u00e0 ai servizi offerti agli utenti registrati.<\/p>\n<p>Cookie funzionali servono al Sito per riconoscere l\u2019utente in base alla sua richiesta di essere riconosciuto ogni volta che accede al Sito (richiesta espressa, ad esempio, cliccando su \u201cRiconoscimi la prossima volta\u201d) in modo da non dover inserire i dati di accesso ogni volta che si visita il Sito.<\/p>\n<p>I Cookie analitici non sono indispensabili per il funzionamento del Sito ma rendono migliore la navigazione del Sito. Vengono utilizzati ad esempio da Google Analytics per elaborare analisi statistiche sulle modalit\u00e0 di navigazione degli utenti sul Sito attraverso i computer o le applicazioni mobile, sul numero di pagine visitate o il numero di click effettuati su una pagina durante la navigazione di un Sito.<\/p>\n<p>E\u2019 possibile disabilitare i cookies analitici e impedire a Google Analytics di raccogliere dati sulla navigazione. A tal proposito \u00e8 possibile scaricare il componente aggiuntivo del browser per la disattivazione di Google Analytics:\u00a0<a href=\"http:\/\/tools.google.com\/dlpage\/gaoptout\" target=\"_blank\" rel=\"noopener\">tools.google.com\/dlpage\/gaoptout<\/a>.<\/p>\n<p>Cookie per integrare prodotti e funzioni di software di terze parti.<br \/>\nQuesta tipologia di cookie integra funzionalit\u00e0 sviluppate da terzi all\u2019interno delle pagine del Sito come le icone e le preferenze espresse nei social network al fine di condivisione dei contenuti del Sito.<br \/>\nQuesti cookie sono inviati da domini di terze parti e da siti partner che offrono le loro funzionalit\u00e0 tra le pagine del Sito.<\/p>\n<p>Cookie di profilazione.<br \/>\nSono quei cookie necessari a creare profili utenti al fine di inviare messaggi pubblicitari in linea con le preferenze manifestate dall\u2019utente all\u2019interno delle pagine del Sito.<br \/>\nQuesto Sito non utilizza cookie di profilazione.<\/p>\n<p>Per disabilitare i cookie di servizi esterni \u00e8 necessario agire sulle loro impostazioni:<\/p>\n<ul class=\"list-cookie\">\n<li><a href=\"http:\/\/www.google.com\/ads\/preferences\/?hl=it\" target=\"_blank\" rel=\"noopener\">Servizi di Google<\/a><\/li>\n<li><a href=\"https:\/\/www.facebook.com\/help\/cookies?ref_type=sitefooter\" target=\"_blank\" rel=\"noopener\">Facebook<\/a><\/li>\n<li><a href=\"https:\/\/support.twitter.com\/articles\/20170519-uso-dei-cookie-e-di-altre-tecnologie-simili-da-parte-di-twitter\" target=\"_blank\" rel=\"noopener\">Twitter<\/a><\/li>\n<\/ul>\n<h4>CONFIGURAZIONE DEI BROWSER<\/h4>\n<p>I browser possono essere configurati per controllare l\u2019arrivo dei cookies.<\/p>\n<h4>COME DISATTIVARE I COOKIE<\/h4>\n<p>Puoi abilitare o disabilitare i cookie dal tuo browser in base al programma che utilizzi ed in base al dispositivo.<br \/>\nEcco una lista dei maggiori browser e dispositivi utilizzati per disattivarli se lo desideri:<\/p>\n<h4><em>GOOGLE CHROME VERSIONE 24 O SUPERIORE<\/em><\/h4>\n<ul class=\"list-cookie\">\n<li>Seleziona \u201cMen\u00f9 Chrome\u201d nella barra del tuo browser<\/li>\n<li>Selezione \u201cimpostazioni\u201d<\/li>\n<li>Seleziona \u201cMostra impostazione avanzate\u201d<\/li>\n<li>Nella sezione \u201cPrivacy\u201d clicca su \u201cImpostazione contenuti\u201d<\/li>\n<li>Disattiva tutti i cookies selezionando \u201cImpedisci ai siti di impostare dati\u201d e \u201cBlocca cookie di terze parti e dati dei siti\u201d<\/li>\n<li>Clicca su \u201cOK\u201d<\/li>\n<\/ul>\n<h4><em>FIREFOX VERSIONE 9 O SUPERIORE<\/em><\/h4>\n<ul class=\"list-cookie\">\n<li>Seleziona \u201cStrumenti\u201d nella barra del tuo browser<\/li>\n<li>Seleziona \u201cOpzioni\u201d<\/li>\n<li>Selezione la voce \u201cPrivacy\u201d<\/li>\n<li>Nell\u2019area \u201cCronologia\u201d scegli dal men\u00f9 a tendina l\u2019opzione \u201cutilizza impostazioni personalizzate\u201d<\/li>\n<li>Disattiva i cookies deselezionando la voce \u201cAccetta i cookie dai siti\u201d<\/li>\n<li>Clicca su \u201cOK\u201d<\/li>\n<\/ul>\n<h4><em>INTERNET EXPLORER VERSIONE 6 O SUPERIORE<\/em><\/h4>\n<ul class=\"list-cookie\">\n<li>Seleziona \u201cStrumenti\u201d nella barra del tuo browser<\/li>\n<li>Seleziona \u201cOpzioni Internet\u201d<\/li>\n<li>Seleziona la voce \u201cPrivacy\u201d e poi clicca su \u201cAvanzate\u201d<\/li>\n<li>Seleziona \u201cSostituisci gestione automatica cookie\u201d<\/li>\n<li>Disattiva i \u201cCookie dei siti web visualizzati\u201d selezionando la voce \u201cBlocca\u201d<\/li>\n<li>Disattiva i \u201cCookie di terze parti\u201d selezionando la voce \u201cBlocca\u201d<\/li>\n<li>Disattiva i \u201cCookie di sessione\u201d deselezionando la voce \u201cAccetta sempre i cookie della sessione\u201d<\/li>\n<li>Clicca su \u201cOK\u201d<\/li>\n<\/ul>\n<h4><em>SAFARI<\/em><\/h4>\n<ul class=\"list-cookie\">\n<li>Seleziona \u201cImpostazioni\u201d si trova in alto a destra ed \u00e8 rappresentata con un ingranaggio<\/li>\n<li>Seleziona la voce \u201cPreferenze\u201d<\/li>\n<li>Dal pannello delle preferenze seleziona la scheda relativa alla \u201cPrivacy\u201d<\/li>\n<li>Per disabilitare i cookies, alla voce \u201cBlocca cookies\u201d, seleziona \u2018Sempre\u2019. Seleziona l\u2019opzione \u2018da siti di terze parti e sponsor\u2019 per disabilitare i cookies di fonti esterne alla pagina che stai visualizzando.<\/li>\n<li>Clicca su \u201cOK\u201d<\/li>\n<\/ul>\n<h4>ANDROID<\/h4>\n<h4><em>BROWSER PREDEFINITO: INTERNET<\/em><\/h4>\n<ol class=\"list-cookie\">\n<li>Avvia il Browser Web<\/li>\n<li>Una volta che il browser \u00e8 avviato, premi il bottone Menu del tuo telefono<\/li>\n<li>Seleziona l\u2019opzione \u201cImpostazioni\u201d<\/li>\n<li>Seleziona la voce \u201cPrivacy e sicurezza\u201d<\/li>\n<li>Scorri la lista cercando la sezione Cookie e deseleziona la voce \u201cAccetta cookie\u201d e tocca \u201cCancella tutti i cookie del browser\u201d.<\/li>\n<\/ol>\n<h4><em>CHROME:<\/em><\/h4>\n<ol class=\"list-cookie\">\n<li>Avvia il browser Chrome<\/li>\n<li>Premi il bottone Menu del tuo telefono<\/li>\n<li>Seleziona l\u2019opzione \u201cImpostazioni\u201d<\/li>\n<li>Nella sezione \u201cAvanzata\u201d tocca la voce \u201cImpostazioni Sito\u201d<\/li>\n<li>Tocca \u201cCookie\u201d e sposta il cursore verso sinistra disattivando cos\u00ec i cookie.<\/li>\n<li>Togli il segno di spunta da \u201cConsenti cookie di terze parti\u201d.<\/li>\n<\/ol>\n<h4><em>FIREFOX:<\/em><\/h4>\n<ol class=\"list-cookie\">\n<li>Aprire Firefox per Android.<\/li>\n<li>Toccare il pulsante \u201cmenu\u201d (posizionato nella parte inferiore dello schermo o nell\u2019angolo in alto a destra).<\/li>\n<li>Toccare \u201cImpostazioni\u201d (potrebbe essere necessario toccare prima la voce Altro)<\/li>\n<li>Toccare \u201cPrivacy\u201d.<\/li>\n<li>Toccare \u201cCookie\u201d e selezionare l\u2019impostazione \u201cDisattivati\u201d che impedisce a tutti i tipi di cookie di essere conservati sul dispositivo.<\/li>\n<\/ol>\n<h4>IOS<\/h4>\n<h4><em>SAFARI<\/em><\/h4>\n<ol class=\"list-cookie\">\n<li>Entra nel pannello di controllo delle \u201cImpostazioni\u201d<\/li>\n<li>Seleziona la voce \u201cSafari\u201d<\/li>\n<li>Nella sezione \u201cPrivacy e Sicurezza\u201d selezionare \u201cBlocca i Cookie\u201d<\/li>\n<li>Nel menu successivo scegliere \u201cSempre\u201d<\/li>\n<\/ol>\n<h4><em>CHROME<\/em><\/h4>\n<ol class=\"list-cookie\">\n<li>Apri il menu Chrome<\/li>\n<li>Seleziona \u201cImpostazioni\u201d<\/li>\n<li>Nella sezione \u201cAvanzate\u201d, seleziona \u201cImpostazioni contenuti\u201d<\/li>\n<li>Sposta l\u2019interruttore della voce \u201cAccetta Cookies\u201d sulla posizione 0.<\/li>\n<\/ol>\n<h4><em>WINDOWS PHONE<\/em><\/h4>\n<p>Per impostare quali cookie Internet Explorer deve accettare<\/p>\n<ol class=\"list-cookie\">\n<li>In Internet Explorer, tocca Altro &gt; \u201cImpostazioni\u201d, quindi tocca \u201cImpostazioni avanzate\u201d.<br \/>\nPuoi accedere alle impostazioni per Internet Explorer anche da \u201cImpostazioni\u201d nell\u2019elenco delle app.<\/li>\n<li>In Cookie da siti web, seleziona:\n<ul>\n<li>Blocca alcuni \u2013 consente di bloccare i cookie di terze parti.<\/li>\n<li>Blocca tutti \u2013 consente di bloccare tutti i cookies.<\/li>\n<\/ul>\n<\/li>\n<\/ol>\n<p>Questa pagina \u00e8 visibile, mediante link, in tutte le pagine del Sito ai sensi dell\u2019art. 122 secondo comma del D.lgs. 196\/2003 e a seguito delle modalit\u00e0 semplificate per l\u2019informativa e l\u2019acquisizione del consenso per l\u2019uso dei cookie pubblicata sulla Gazzetta Ufficiale n.126 del 3 giugno 2014 e relativo registro dei provvedimenti n.229 dell\u20198 maggio 2014.<\/p>\n","protected":false},"excerpt":{"rendered":"<p>UTILIZZO DEI COOKIES I cookie sono informazioni in file di testo di piccole dimensioni salvati nel computer dell\u2019utente. Nel Sito vengono utilizzati cookies di sessione e cookies permanenti. I cookies di sessione sono temporanei e vengono eliminati automaticamente ogni volta che viene abbandonata la navigazione del Sito. I cookies \u201cpermanenti\u201d invece, rimangono sul disco rigido [&hellip;]<\/p>\n","protected":false},"author":1,"featured_media":0,"parent":0,"menu_order":0,"comment_status":"closed","ping_status":"closed","template":"","meta":{"footnotes":""},"_links":{"self":[{"href":"https:\/\/www.steel-seal.com\/en\/wp-json\/wp\/v2\/pages\/84"}],"collection":[{"href":"https:\/\/www.steel-seal.com\/en\/wp-json\/wp\/v2\/pages"}],"about":[{"href":"https:\/\/www.steel-seal.com\/en\/wp-json\/wp\/v2\/types\/page"}],"author":[{"embeddable":true,"href":"https:\/\/www.steel-seal.com\/en\/wp-json\/wp\/v2\/users\/1"}],"replies":[{"embeddable":true,"href":"https:\/\/www.steel-seal.com\/en\/wp-json\/wp\/v2\/comments?post=84"}],"version-history":[{"count":4,"href":"https:\/\/www.steel-seal.com\/en\/wp-json\/wp\/v2\/pages\/84\/revisions"}],"predecessor-version":[{"id":96,"href":"https:\/\/www.steel-seal.com\/en\/wp-json\/wp\/v2\/pages\/84\/revisions\/96"}],"wp:attachment":[{"href":"https:\/\/www.steel-seal.com\/en\/wp-json\/wp\/v2\/media?parent=84"}],"curies":[{"name":"wp","href":"https:\/\/api.w.org\/{rel}","templated":true}]}}